{"id":9626,"date":"2021-04-20T17:01:27","date_gmt":"2021-04-20T15:01:27","guid":{"rendered":"https:\/\/buergerschuetzenverein-gemen.de\/webseite_wp_2021\/wordpress\/?page_id=9626"},"modified":"2023-02-10T11:10:46","modified_gmt":"2023-02-10T10:10:46","slug":"impressum","status":"publish","type":"page","link":"https:\/\/buergerschuetzenverein-gemen.de\/webseite_wp_2021\/wordpress\/impressum\/","title":{"rendered":"Impressum"},"content":{"rendered":"<div data-colibri-id=\"9626-c1\" class=\"style-2198 style-local-9626-c1 position-relative\">\n  <!---->\n  <div data-colibri-component=\"section\" data-colibri-id=\"9626-c2\" id=\"overlappable\" class=\"h-section h-section-global-spacing d-flex align-items-lg-center align-items-md-center align-items-center style-2199 style-local-9626-c2 position-relative\">\n    <!---->\n    <!---->\n    <div class=\"h-section-grid-container h-section-boxed-container\">\n      <div data-colibri-id=\"9626-c22\" class=\"h-row-container gutters-row-lg-1 gutters-row-md-1 gutters-row-0 gutters-row-v-lg-1 gutters-row-v-md-1 gutters-row-v-1 style-2205 style-local-9626-c22 position-relative\">\n        <!---->\n        <div class=\"h-row justify-content-lg-center justify-content-md-center justify-content-center align-items-lg-stretch align-items-md-stretch align-items-stretch gutters-col-lg-1 gutters-col-md-1 gutters-col-0 gutters-col-v-lg-1 gutters-col-v-md-1 gutters-col-v-1\">\n          <!---->\n          <div class=\"h-column h-column-container d-flex h-col-lg-auto h-col-md-auto h-col-auto style-2206-outer style-local-9626-c23-outer\">\n            <div data-colibri-id=\"9626-c23\" class=\"d-flex h-flex-basis h-column__inner h-px-lg-1 h-px-md-1 h-px-1 v-inner-lg-1 v-inner-md-1 v-inner-1 style-2206 style-local-9626-c23 position-relative\">\n              <!---->\n              <!---->\n              <div class=\"w-100 h-y-container h-column__content h-column__v-align flex-basis-100 align-self-lg-start align-self-md-start align-self-start\">\n                <!---->\n                <div data-colibri-id=\"9626-c24\" class=\"h-global-transition-all h-heading style-2207 style-local-9626-c24 position-relative h-element\">\n                  <!---->\n                  <div class=\"h-heading__outer style-2207 style-local-9626-c24\">\n                    <!---->\n                    <!---->\n                    <h1 class=\"\">Impressum<\/h1>\n                  <\/div>\n                <\/div>\n                <div data-colibri-id=\"9626-c25\" class=\"h-text h-text-component style-2208 style-local-9626-c25 position-relative h-element\">\n                  <!---->\n                  <!---->\n                  <div class=\"\">\n                    <p>B\u00fcrgersch\u00fctzenverein Gemen 1470 e. V.<\/p>\n                  <\/div>\n                <\/div>\n                <div data-colibri-id=\"9626-c26\" class=\"style-2209 style-local-9626-c26 position-relative h-element\">\n                  <!---->\n                <\/div>\n              <\/div>\n            <\/div>\n          <\/div>\n        <\/div>\n      <\/div>\n      <div data-colibri-id=\"9626-c3\" class=\"h-row-container gutters-row-lg-2 gutters-row-md-2 gutters-row-2 gutters-row-v-lg-2 gutters-row-v-md-2 gutters-row-v-2 style-2200 style-local-9626-c3 position-relative\">\n        <!---->\n        <div class=\"h-row justify-content-lg-center justify-content-md-center justify-content-center align-items-lg-stretch align-items-md-stretch align-items-stretch gutters-col-lg-2 gutters-col-md-2 gutters-col-2 gutters-col-v-lg-2 gutters-col-v-md-2 gutters-col-v-2\">\n          <!---->\n          <div class=\"h-column h-column-container d-flex h-col-lg-3 h-col-md-3 h-col-12 style-2201-outer style-local-9626-c4-outer\">\n            <div data-colibri-id=\"9626-c4\" class=\"d-flex h-flex-basis h-column__inner h-px-lg-3 h-px-md-3 h-px-3 v-inner-lg-3 v-inner-md-3 v-inner-3 style-2201 style-local-9626-c4 position-relative\">\n              <!---->\n              <!---->\n              <div class=\"w-100 h-y-container h-column__content h-column__v-align flex-basis-100 align-self-lg-start align-self-md-start align-self-start\">\n                <!---->\n                <div data-colibri-id=\"9626-c5\" class=\"h-icon style-2202 style-local-9626-c5 position-relative h-element\">\n                  <!----><span class=\"h-svg-icon h-icon__icon style-2202-icon style-local-9626-c5-icon\"><!--Icon by Font Awesome (https:\/\/fontawesome.com)-->\n    <svg version=\"1.1\" xmlns=\"http:\/\/www.w3.org\/2000\/svg\" xmlns:xlink=\"http:\/\/www.w3.org\/1999\/xlink\" id=\"car\" viewBox=\"0 0 2048 1896.0833\">\n      <path d=\"M480 1088q0-66-47-113t-113-47-113 47-47 113 47 113 113 47 113-47 47-113zm36-320h1016l-89-357q-2-8-14-17.5t-21-9.5H640q-9 0-21 9.5T605 411zm1372 320q0-66-47-113t-113-47-113 47-47 113 47 113 113 47 113-47 47-113zm160-96v384q0 14-9 23t-23 9h-96v128q0 80-56 136t-136 56-136-56-56-136v-128H512v128q0 80-56 136t-136 56-136-56-56-136v-128H32q-14 0-23-9t-9-23V992q0-93 65.5-158.5T224 768h28l105-419q23-94 104-157.5T640 128h768q98 0 179 63.5T1691 349l105 419h28q93 0 158.5 65.5T2048 992z\"><\/path>\n    <\/svg><\/span><\/div>\n                <div data-colibri-id=\"9626-c6\" class=\"h-global-transition-all h-heading style-2203 style-local-9626-c6 position-relative h-element\">\n                  <!---->\n                  <div class=\"h-heading__outer style-2203 style-local-9626-c6\">\n                    <!---->\n                    <!---->\n                    <h4 class=\"\">Anschrift<\/h4>\n                  <\/div>\n                <\/div>\n                <div data-colibri-id=\"9626-c7\" class=\"h-text h-text-component style-2204 style-local-9626-c7 position-relative h-element\">\n                  <!---->\n                  <!---->\n                  <div class=\"\">\n                    <p>\n                      <br>\n                    <\/p>\n                    <p>Wakelkamp 32<\/p>\n                    <p>46325 Borken-G<span style=\"font-weight: 400;\">emen<\/span><\/p>\n                    <p><span style=\"font-size: 70%; font-weight: 400;\">www.buergerschuetzenverein-gemen.de<\/span><\/p>\n                    <p><span style=\"font-size: 81%;\">webmaster@ buergerschuetzenverein-gemen.de<\/span><\/p>\n                  <\/div>\n                <\/div>\n              <\/div>\n            <\/div>\n          <\/div>\n          <div class=\"h-column h-column-container d-flex h-col-lg-3 h-col-md-3 h-col-12 style-2201-outer style-local-9626-c8-outer\">\n            <div data-colibri-id=\"9626-c8\" class=\"d-flex h-flex-basis h-column__inner h-px-lg-3 h-px-md-3 h-px-3 v-inner-lg-3 v-inner-md-3 v-inner-3 style-2201 style-local-9626-c8 position-relative\">\n              <!---->\n              <!---->\n              <div class=\"w-100 h-y-container h-column__content h-column__v-align flex-basis-100 align-self-lg-start align-self-md-start align-self-start\">\n                <!---->\n                <div data-colibri-id=\"9626-c9\" class=\"h-icon style-2202 style-local-9626-c9 position-relative h-element\">\n                  <!----><span class=\"h-svg-icon h-icon__icon style-2202-icon style-local-9626-c9-icon\"><!--Icon by Font Awesome (https:\/\/fontawesome.com)-->\n    <svg version=\"1.1\" xmlns=\"http:\/\/www.w3.org\/2000\/svg\" xmlns:xlink=\"http:\/\/www.w3.org\/1999\/xlink\" id=\"car\" viewBox=\"0 0 2048 1896.0833\">\n      <path d=\"M480 1088q0-66-47-113t-113-47-113 47-47 113 47 113 113 47 113-47 47-113zm36-320h1016l-89-357q-2-8-14-17.5t-21-9.5H640q-9 0-21 9.5T605 411zm1372 320q0-66-47-113t-113-47-113 47-47 113 47 113 113 47 113-47 47-113zm160-96v384q0 14-9 23t-23 9h-96v128q0 80-56 136t-136 56-136-56-56-136v-128H512v128q0 80-56 136t-136 56-136-56-56-136v-128H32q-14 0-23-9t-9-23V992q0-93 65.5-158.5T224 768h28l105-419q23-94 104-157.5T640 128h768q98 0 179 63.5T1691 349l105 419h28q93 0 158.5 65.5T2048 992z\"><\/path>\n    <\/svg><\/span><\/div>\n                <div data-colibri-id=\"9626-c10\" class=\"h-global-transition-all h-heading style-2203 style-local-9626-c10 position-relative h-element\">\n                  <!---->\n                  <div class=\"h-heading__outer style-2203 style-local-9626-c10\">\n                    <!---->\n                    <!---->\n                    <h4 class=\"\">Vertretungsberechtigt<\/h4>\n                  <\/div>\n                <\/div>\n                <div data-colibri-id=\"9626-c11\" class=\"h-text h-text-component style-2204 style-local-9626-c11 position-relative h-element\">\n                  <!---->\n                  <!---->\n                  <div class=\"\">\n                    <p>\n                      <br>\n                    <\/p>\n                    <p><em><u>Pr\u00e4sident<\/u><\/em><\/p>\n                    <p>Raimund Stroick<\/p>\n                    <p><em><u>Vizepr\u00e4sident<\/u><\/em><\/p>\n                    <p>J\u00fcrgen Grunden<\/p>\n                    <p><em><u>Schriftf\u00fchrer<\/u><\/em><\/p>\n                    <p>Markus Nachtigall<\/p>\n                    <p><em style=\"font-size: 103%; font-weight: 400;\"><u>Kassierer<\/u><\/em><\/p>\n                    <p>Martin Bu\u00df<\/p>\n                  <\/div>\n                <\/div>\n              <\/div>\n            <\/div>\n          <\/div>\n          <div class=\"h-column h-column-container d-flex h-col-lg-3 h-col-md-3 h-col-12 style-2201-outer style-local-9626-c12-outer\">\n            <div data-colibri-id=\"9626-c12\" class=\"d-flex h-flex-basis h-column__inner h-px-lg-3 h-px-md-3 h-px-3 v-inner-lg-3 v-inner-md-3 v-inner-3 style-2201 style-local-9626-c12 position-relative\">\n              <!---->\n              <!---->\n              <div class=\"w-100 h-y-container h-column__content h-column__v-align flex-basis-100 align-self-lg-start align-self-md-start align-self-start\">\n                <!---->\n                <div data-colibri-id=\"9626-c13\" class=\"h-icon style-2202 style-local-9626-c13 position-relative h-element\">\n                  <!----><span class=\"h-svg-icon h-icon__icon style-2202-icon style-local-9626-c13-icon\"><!--Icon by Font Awesome (https:\/\/fontawesome.com)-->\n    <svg version=\"1.1\" xmlns=\"http:\/\/www.w3.org\/2000\/svg\" xmlns:xlink=\"http:\/\/www.w3.org\/1999\/xlink\" id=\"balance-scale\" viewBox=\"0 0 2304 1896.0833\">\n      <path d=\"M1728 448l-384 704h768zm-1280 0L64 1152h768zm821-192q-14 40-45.5 71.5T1152 373v1291h608q14 0 23 9t9 23v64q0 14-9 23t-23 9H416q-14 0-23-9t-9-23v-64q0-14 9-23t23-9h608V373q-40-14-71.5-45.5T907 256H416q-14 0-23-9t-9-23v-64q0-14 9-23t23-9h491q21-57 70-92.5T1088 0t111 35.5 70 92.5h491q14 0 23 9t9 23v64q0 14-9 23t-23 9h-491zm-181 16q33 0 56.5-23.5T1168 192t-23.5-56.5T1088 112t-56.5 23.5T1008 192t23.5 56.5T1088 272zm1088 880q0 73-46.5 131t-117.5 91-144.5 49.5T1728 1440t-139.5-16.5T1444 1374t-117.5-91-46.5-131q0-11 35-81t92-174.5T1514 701t102-184 56-100q18-33 56-33t56 33q4 7 56 100t102 184 107 195.5 92 174.5 35 81zm-1280 0q0 73-46.5 131T732 1374t-144.5 49.5T448 1440t-139.5-16.5T164 1374t-117.5-91T0 1152q0-11 35-81t92-174.5T234 701t102-184 56-100q18-33 56-33t56 33q4 7 56 100t102 184 107 195.5 92 174.5 35 81z\"><\/path>\n    <\/svg><\/span><\/div>\n                <div data-colibri-id=\"9626-c14\" class=\"h-global-transition-all h-heading style-2203 style-local-9626-c14 position-relative h-element\">\n                  <!---->\n                  <div class=\"h-heading__outer style-2203 style-local-9626-c14\">\n                    <!---->\n                    <!---->\n                    <h4 class=\"\">Vereinsregister<\/h4>\n                  <\/div>\n                <\/div>\n                <div data-colibri-id=\"9626-c15\" class=\"h-text h-text-component style-2204 style-local-9626-c15 position-relative h-element\">\n                  <!---->\n                  <!---->\n                  <div class=\"\">\n                    <p>Registernummer: <\/p>\n                    <p>VR 3279<\/p>\n                    <p>Registergericht: <\/p>\n                    <p>Amtsgericht Coesfeld<\/p>\n                  <\/div>\n                <\/div>\n              <\/div>\n            <\/div>\n          <\/div>\n          <div class=\"h-column h-column-container d-flex h-col-lg-3 h-col-md-3 h-col-12 style-2201-outer style-local-9626-c16-outer\">\n            <div data-colibri-id=\"9626-c16\" class=\"d-flex h-flex-basis h-column__inner h-px-lg-3 h-px-md-3 h-px-3 v-inner-lg-3 v-inner-md-3 v-inner-3 style-2201 style-local-9626-c16 position-relative\">\n              <!---->\n              <!---->\n              <div class=\"w-100 h-y-container h-column__content h-column__v-align flex-basis-100 align-self-lg-start align-self-md-start align-self-start\">\n                <!---->\n                <div data-colibri-id=\"9626-c17\" class=\"h-icon style-2202 style-local-9626-c17 position-relative h-element\">\n                  <!----><span class=\"h-svg-icon h-icon__icon style-2202-icon style-local-9626-c17-icon\"><!--Icon by Simple Line Icons (https:\/\/github.com\/thesabbir\/simple-line-icons)--><svg version=\"1.1\" xmlns=\"http:\/\/www.w3.org\/2000\/svg\" xmlns:xlink=\"http:\/\/www.w3.org\/1999\/xlink\" id=\"pencil\" viewBox=\"0 0 513.0744 514.032\"><path d=\"M482.656 25.848C465.224 9.144 445.992.68 425.464.68c-32.096 0-55.512 20.736-61.92 27.088-9.016 8.928-316.576 316.6-316.576 316.6-2.008 2.016-3.472 4.536-4.224 7.296C35.808 377.296 1.064 491.024.72 492.168c-1.784 5.824-.192 12.168 4.104 16.464 3.088 3.072 7.2 4.72 11.416 4.72 1.656 0 3.328-.248 4.96-.784 1.176-.384 118.568-38.328 137.888-44.096 2.544-.768 4.872-2.144 6.768-4.016 12.208-12.064 299.064-295.728 318.104-315.392 19.696-20.296 29.48-41.432 29.104-62.808-.392-21.104-10.624-41.424-30.408-60.408zM358.448 78.936c8.152 1.976 27.376 8.432 47.008 28.24 19.84 20.016 25.208 42.896 26.208 48.104-62.912 62.584-207.728 205.864-264.816 262.336-5.272-12.28-13.792-27.072-27.496-40.88-16.736-16.864-33.768-26.392-46.904-31.752 56.496-56.504 204.04-204.112 266-266.048zM70.72 371.992c8.792 2.336 27.056 9.112 45.672 27.88 14.336 14.456 21.104 30.4 24.144 40.12-22.24 7.152-70.936 23.96-101.88 33.936 9.168-30.168 24.656-77.152 32.064-101.936zM460.736 126.2c-.656.672-1.736 1.768-3.032 3.08-5.056-13.024-13.928-29.76-29.288-45.248-15.696-15.824-31.616-25.16-44.376-30.68 1.088-1.08 1.928-1.928 2.256-2.248 1.832-1.808 18.448-17.688 39.16-17.688 11.92 0 23.624 5.44 34.808 16.16 13.256 12.712 20.088 25.256 20.312 37.296.216 12.288-6.456 25.52-19.84 39.328z\"><\/path><\/svg><\/span><\/div>\n                <div\n                  data-colibri-id=\"9626-c18\" class=\"h-global-transition-all h-heading style-2203 style-local-9626-c18 position-relative h-element\">\n                  <!---->\n                  <div class=\"h-heading__outer style-2203 style-local-9626-c18\">\n                    <!---->\n                    <!---->\n                    <h4 class=\"\">Redaktion<\/h4>\n                  <\/div>\n              <\/div>\n              <div data-colibri-id=\"9626-c19\" class=\"h-text h-text-component style-2204 style-local-9626-c19 position-relative h-element\">\n                <!---->\n                <!---->\n                <div class=\"\">\n                  <p>Philipp Gehling\n                    <br>Marcel Gehling<\/p>\n                  <p>\n                    <br>\n                  <\/p>\n                <\/div>\n              <\/div>\n              <div data-colibri-id=\"9626-c20\" class=\"h-global-transition-all h-heading style-2203 style-local-9626-c20 position-relative h-element\">\n                <!---->\n                <div class=\"h-heading__outer style-2203 style-local-9626-c20\">\n                  <!---->\n                  <!---->\n                  <h4 class=\"\">Bildmaterial<\/h4>\n                <\/div>\n              <\/div>\n              <div data-colibri-id=\"9626-c21\" class=\"h-text h-text-component style-2204 style-local-9626-c21 position-relative h-element\">\n                <!---->\n                <!---->\n                <div class=\"\">\n                  <p>Heiner Kampmann\n                    <br>Hubert Gehling\n                    <br>Dritte<\/p>\n                  <p>\n                    <br>\n                  <\/p>\n                <\/div>\n              <\/div>\n            <\/div>\n          <\/div>\n        <\/div>\n      <\/div>\n    <\/div>\n  <\/div>\n<\/div>\n<\/div>","protected":false},"excerpt":{"rendered":"<p>Impressum B\u00fcrgersch\u00fctzenverein Gemen 1470 e. V. Anschrift Wakelkamp 32 46325 Borken-Gemen www.buergerschuetzenverein-gemen.de webmaster@ buergerschuetzenverein-gemen.de Vertretungsberechtigt Pr\u00e4sident Raimund Stroick Vizepr\u00e4sident J\u00fcrgen Grunden Schriftf\u00fchrer Markus Nachtigall Kassierer Martin Bu\u00df Vereinsregister Registernummer: VR 3279 Registergericht: Amtsgericht Coesfeld Redaktion Philipp Gehling Marcel Gehling Bildmaterial Heiner Kampmann Hubert Gehling Dritte<\/p>\n","protected":false},"author":2,"featured_media":0,"parent":0,"menu_order":0,"comment_status":"closed","ping_status":"closed","template":"page-templates\/full-width-page.php","meta":{"two_page_speed":[],"footnotes":""},"class_list":["post-9626","page","type-page","status-publish","hentry"],"jetpack_sharing_enabled":true,"_links":{"self":[{"href":"https:\/\/buergerschuetzenverein-gemen.de\/webseite_wp_2021\/wordpress\/wp-json\/wp\/v2\/pages\/9626","targetHints":{"allow":["GET"]}}],"collection":[{"href":"https:\/\/buergerschuetzenverein-gemen.de\/webseite_wp_2021\/wordpress\/wp-json\/wp\/v2\/pages"}],"about":[{"href":"https:\/\/buergerschuetzenverein-gemen.de\/webseite_wp_2021\/wordpress\/wp-json\/wp\/v2\/types\/page"}],"author":[{"embeddable":true,"href":"https:\/\/buergerschuetzenverein-gemen.de\/webseite_wp_2021\/wordpress\/wp-json\/wp\/v2\/users\/2"}],"replies":[{"embeddable":true,"href":"https:\/\/buergerschuetzenverein-gemen.de\/webseite_wp_2021\/wordpress\/wp-json\/wp\/v2\/comments?post=9626"}],"version-history":[{"count":16,"href":"https:\/\/buergerschuetzenverein-gemen.de\/webseite_wp_2021\/wordpress\/wp-json\/wp\/v2\/pages\/9626\/revisions"}],"predecessor-version":[{"id":17507,"href":"https:\/\/buergerschuetzenverein-gemen.de\/webseite_wp_2021\/wordpress\/wp-json\/wp\/v2\/pages\/9626\/revisions\/17507"}],"wp:attachment":[{"href":"https:\/\/buergerschuetzenverein-gemen.de\/webseite_wp_2021\/wordpress\/wp-json\/wp\/v2\/media?parent=9626"}],"curies":[{"name":"wp","href":"https:\/\/api.w.org\/{rel}","templated":true}]}}