{"id":7600,"date":"2021-04-07T20:57:17","date_gmt":"2021-04-07T18:57:17","guid":{"rendered":"https:\/\/buergerschuetzenverein-gemen.de\/webseite_wp_2021\/wordpress\/?page_id=7600"},"modified":"2024-08-02T16:01:33","modified_gmt":"2024-08-02T14:01:33","slug":"unsere-kirmes","status":"publish","type":"page","link":"https:\/\/buergerschuetzenverein-gemen.de\/webseite_wp_2021\/wordpress\/unsere-kirmes\/","title":{"rendered":"Unsere Kirmes"},"content":{"rendered":"<div data-colibri-id=\"7600-c1\" class=\"style-3893 style-local-7600-c1 position-relative\">\n  <!---->\n  <div data-colibri-component=\"section\" data-colibri-id=\"7600-c2\" id=\"cta\" class=\"h-section h-section-global-spacing colibri-featured-img-bg d-flex align-items-lg-center align-items-md-center align-items-center style-3894 style-local-7600-c2 position-relative\">\n    <!---->\n    <!---->\n    <div class=\"h-section-grid-container h-section-fluid-container\">\n      <!---->\n      <div data-colibri-id=\"7600-c3\" class=\"h-row-container gutters-row-lg-0 gutters-row-md-0 gutters-row-0 gutters-row-v-lg-0 gutters-row-v-md-0 gutters-row-v-0 style-3895 style-local-7600-c3 position-relative\">\n        <!---->\n        <div class=\"h-row justify-content-lg-center justify-content-md-center justify-content-center align-items-lg-stretch align-items-md-stretch align-items-stretch gutters-col-lg-0 gutters-col-md-0 gutters-col-0 gutters-col-v-lg-0 gutters-col-v-md-0 gutters-col-v-0\">\n          <!---->\n          <div class=\"h-column h-column-container d-flex h-col-lg-auto h-col-md-auto h-col-auto style-3896-outer style-local-7600-c4-outer\">\n            <div data-colibri-id=\"7600-c4\" class=\"d-flex h-flex-basis h-column__inner h-px-lg-2 h-px-md-2 h-px-2 v-inner-lg-2 v-inner-md-2 v-inner-2 style-3896 style-local-7600-c4 position-relative\">\n              <!---->\n              <!---->\n              <div class=\"w-100 h-y-container h-column__content h-column__v-align flex-basis-100 align-self-lg-start align-self-md-start align-self-start\">\n                <!---->\n                <div data-colibri-id=\"7600-c5\" class=\"h-global-transition-all h-heading style-3897 style-local-7600-c5 position-relative h-element\">\n                  <!---->\n                  <div class=\"h-heading__outer style-3897 style-local-7600-c5\">\n                    <!---->\n                    <!---->\n                    <h2 class=\"\">Die Gemener Kirmes<\/h2>\n                  <\/div>\n                <\/div>\n                <div data-colibri-id=\"7600-c6\" class=\"h-text h-text-component style-3899 style-local-7600-c6 position-relative h-element\">\n                  <!---->\n                  <!---->\n                  <div class=\"\">\n                    <p>Die Gemener Kirmes ist weit \u00fcber das M\u00fcnsterland hinaus bekannt.<\/p>\n                    <p>Am ersten Sonntag im August findet am Wochenende die Kirmes in Verbindung mit dem B\u00fcrgersch\u00fctzenfest statt.&nbsp;\u00dcber 40 Schausteller beschicken das gr\u00f6\u00dfte Volksfest in der Stadt Borken.&nbsp;Vom Autoscooter \u00fcber den Fliegenden Teppich,\n                      Breakdance bis zum Riesenrad ist alles vertreten.&nbsp;Auch f\u00fcr die kleinen G\u00e4ste stehen verschiedene Atraktionen wie Kinderflieger, Entenangeln und vieles mehr bereit.<\/p>\n                    <p>Von Currywurst mit Pommes \u00fcber Fisch bis hin zum Schinkenbr\u00f6tchen ist auch f\u00fcr das Leibliche Wohl bestens gesorgt. Nat\u00fcrlich gibt es auch gebrannte Mandeln, Zuckwatte usw.<\/p>\n                    <p><strong style=\"font-weight: 700;\">\u00d6ffnungszeiten:<br><\/strong>Samstag von 14:00 Uhr bis mindestens 24:00 Uhr\n                      <br>Sonntag von 10:00 Uhr bis mindestens 24:00 Uhr\n                      <br>Montag von 14:00 Uhr bis mindestens 24:00 Uhr<\/p>\n                    <p><strong style=\"font-weight: 700;\">Die Gemener Kirmes wartet nat\u00fcrlich auch noch mit weiteren H\u00f6hepunkten auf.<\/strong><\/p>\n                    <p><strong style=\"font-weight: 700;\">Samstag<\/strong>\n                      <br>Happy Hour am Nachmittag (bitte Aush\u00e4nge beachten)<\/p>\n                    <p><strong style=\"font-weight: 700;\">Sonntag<\/strong>\n                      <br>\n                      <a href=\"https:\/\/buergerschuetzenverein-gemen.de\/webseite_wp_2021\/wordpress\/schuetzenkids\" target=\"_blank\" rel=\"nofollow noopener\">Gro\u00dfe Zaubershow im Festzelt f\u00fcr die Kleinen &#8211; Eintritt frei\n                        <br>\n                      <\/a>\n                    <\/p>\n                    <p><strong style=\"font-weight: 700;\">Montag<\/strong>\n                      <br>Die letzte Runde geeeeht r\u00fcckw\u00e4rts&#8230;. w\u00e4rts&#8230;.. w\u00e4rts&#8230;&#8230; Abschluss der Kirmes!\n                      <br>\n                    <\/p>\n                    <p>Bitte achtet auf die aktuellen Pressever\u00f6ffentlichungen.&nbsp;<\/p>\n                  <\/div>\n                <\/div>\n              <\/div>\n            <\/div>\n          <\/div>\n          <div class=\"h-column h-column-container d-flex h-col-lg-auto h-col-md-auto h-col-auto style-3900-outer style-local-7600-c7-outer\">\n            <div data-colibri-id=\"7600-c7\" class=\"d-flex h-flex-basis h-column__inner h-px-lg-0 h-px-md-0 h-px-0 v-inner-lg-0 v-inner-md-0 v-inner-0 style-3900 style-local-7600-c7 position-relative\">\n              <!---->\n              <!---->\n              <div class=\"w-100 h-y-container h-column__content h-column__v-align flex-basis-100 align-self-lg-start align-self-md-start align-self-start\">\n                <!---->\n                <div data-colibri-id=\"7600-c8\" class=\"h-x-container style-3901 style-local-7600-c8 position-relative h-element\">\n                  <!---->\n                  <div class=\"h-x-container-inner style-dynamic-7600-c8-group style-3901-spacing style-local-7600-c8-spacing\"><span class=\"h-button__outer style-3902-outer style-local-7600-c9-outer d-inline-flex h-element\"><a h-use-smooth-scroll=\"true\" href=\"https:\/\/www.google.com\/maps\/place\/Kalverkamp\/@51.8584215,6.8606109,17z\/data=!3m1!4b1!4m5!3m4!1s0x47b861fcd7ed8903:0x80d7e5c69cb51542!8m2!3d51.8584215!4d6.8627996?hl=de-DE\" target=\"_blank\" data-colibri-id=\"7600-c9\" data-aos=\"fadeInUp\" class=\"d-flex w-100 align-items-center h-button justify-content-lg-center justify-content-md-center justify-content-center style-3902 style-local-7600-c9 position-relative\" rel=\"noopener\"><!----><!----> <span>Anfahrt<\/span><\/a>\n                    <\/span><span class=\"h-button__outer style-3902-outer style-local-7600-c10-outer d-inline-flex h-element\"><a h-use-smooth-scroll=\"true\" href=\"https:\/\/buergerschuetzenverein-gemen.de\/webseite_wp_2021\/wordpress\/impressum\/\" target=\"_blank\" data-colibri-id=\"7600-c10\" data-aos=\"fadeInDown\" class=\"d-flex w-100 align-items-center h-button justify-content-lg-center justify-content-md-center justify-content-center style-3902 style-local-7600-c10 position-relative\" rel=\"noopener\"><!----><!----> <span>Veranstalter<\/span><\/a>\n                    <\/span><span class=\"h-button__outer style-3902-outer style-local-7600-c11-outer d-inline-flex h-element\"><a h-use-smooth-scroll=\"true\" href=\"https:\/\/buergerschuetzenverein-gemen.de\/webseite_wp_2021\/wordpress\/informationen-fuer-schausteller\/\"  data-colibri-id=\"7600-c11\" data-aos=\"fadeInRight\" class=\"d-flex w-100 align-items-center h-button justify-content-lg-center justify-content-md-center justify-content-center style-3902 style-local-7600-c11 position-relative\"><!----><!----> <span>Info Schausteller<\/span><\/a>\n                    <\/span>\n                  <\/div>\n                <\/div>\n              <\/div>\n            <\/div>\n          <\/div>\n        <\/div>\n      <\/div>\n    <\/div>\n  <\/div>\n<\/div>","protected":false},"excerpt":{"rendered":"<p>Die Gemener Kirmes Die Gemener Kirmes ist weit \u00fcber das M\u00fcnsterland hinaus bekannt. Am ersten Sonntag im August findet am Wochenende die Kirmes in Verbindung mit dem B\u00fcrgersch\u00fctzenfest statt.&nbsp;\u00dcber 40 Schausteller beschicken das gr\u00f6\u00dfte Volksfest in der Stadt Borken.&nbsp;Vom Autoscooter \u00fcber den Fliegenden Teppich, Breakdance bis zum Riesenrad ist alles vertreten.&nbsp;Auch f\u00fcr die kleinen G\u00e4ste [&hellip;]<\/p>\n","protected":false},"author":2,"featured_media":0,"parent":0,"menu_order":0,"comment_status":"closed","ping_status":"closed","template":"page-templates\/full-width-page.php","meta":{"two_page_speed":[],"footnotes":""},"class_list":["post-7600","page","type-page","status-publish","hentry"],"jetpack_sharing_enabled":true,"_links":{"self":[{"href":"https:\/\/buergerschuetzenverein-gemen.de\/webseite_wp_2021\/wordpress\/wp-json\/wp\/v2\/pages\/7600","targetHints":{"allow":["GET"]}}],"collection":[{"href":"https:\/\/buergerschuetzenverein-gemen.de\/webseite_wp_2021\/wordpress\/wp-json\/wp\/v2\/pages"}],"about":[{"href":"https:\/\/buergerschuetzenverein-gemen.de\/webseite_wp_2021\/wordpress\/wp-json\/wp\/v2\/types\/page"}],"author":[{"embeddable":true,"href":"https:\/\/buergerschuetzenverein-gemen.de\/webseite_wp_2021\/wordpress\/wp-json\/wp\/v2\/users\/2"}],"replies":[{"embeddable":true,"href":"https:\/\/buergerschuetzenverein-gemen.de\/webseite_wp_2021\/wordpress\/wp-json\/wp\/v2\/comments?post=7600"}],"version-history":[{"count":20,"href":"https:\/\/buergerschuetzenverein-gemen.de\/webseite_wp_2021\/wordpress\/wp-json\/wp\/v2\/pages\/7600\/revisions"}],"predecessor-version":[{"id":19205,"href":"https:\/\/buergerschuetzenverein-gemen.de\/webseite_wp_2021\/wordpress\/wp-json\/wp\/v2\/pages\/7600\/revisions\/19205"}],"wp:attachment":[{"href":"https:\/\/buergerschuetzenverein-gemen.de\/webseite_wp_2021\/wordpress\/wp-json\/wp\/v2\/media?parent=7600"}],"curies":[{"name":"wp","href":"https:\/\/api.w.org\/{rel}","templated":true}]}}