{"id":4194,"date":"2021-04-06T17:14:54","date_gmt":"2021-04-06T15:14:54","guid":{"rendered":"https:\/\/buergerschuetzenverein-gemen.de\/webseite_wp_2021\/wordpress\/?page_id=4194"},"modified":"2025-07-18T14:11:59","modified_gmt":"2025-07-18T12:11:59","slug":"info-fuer-koenigsbewerber","status":"publish","type":"page","link":"https:\/\/buergerschuetzenverein-gemen.de\/webseite_wp_2021\/wordpress\/info-fuer-koenigsbewerber\/","title":{"rendered":"Infos f\u00fcr K\u00f6nigsbewerber"},"content":{"rendered":"<div data-colibri-id=\"4194-c1\" class=\"style-860 style-local-4194-c1 position-relative\">\n  <!---->\n  <div data-colibri-component=\"section\" data-colibri-id=\"4194-c2\" id=\"custom\" class=\"h-section h-section-global-spacing d-flex align-items-lg-center align-items-md-center align-items-center style-946 style-local-4194-c2 position-relative\">\n    <!---->\n    <!---->\n    <div class=\"h-section-grid-container h-section-boxed-container\">\n      <!---->\n      <div data-colibri-id=\"4194-c3\" class=\"h-row-container gutters-row-lg-2 gutters-row-md-2 gutters-row-0 gutters-row-v-lg-2 gutters-row-v-md-2 gutters-row-v-2 style-3460 style-local-4194-c3 position-relative\">\n        <!---->\n        <div class=\"h-row justify-content-lg-center justify-content-md-center justify-content-center align-items-lg-stretch align-items-md-stretch align-items-stretch gutters-col-lg-2 gutters-col-md-2 gutters-col-0 gutters-col-v-lg-2 gutters-col-v-md-2 gutters-col-v-2\">\n          <!---->\n          <div class=\"h-column h-column-container d-flex h-col-lg-auto h-col-md-auto h-col-auto style-3461-outer style-local-4194-c4-outer\">\n            <div data-colibri-id=\"4194-c4\" class=\"d-flex h-flex-basis h-column__inner h-px-lg-2 h-px-md-2 h-px-2 v-inner-lg-2 v-inner-md-2 v-inner-2 style-3461 style-local-4194-c4 position-relative\">\n              <!---->\n              <!---->\n              <div class=\"w-100 h-y-container h-column__content h-column__v-align flex-basis-100 align-self-lg-start align-self-md-start align-self-start\">\n                <!---->\n                <div data-colibri-id=\"4194-c5\" class=\"h-global-transition-all h-heading style-3462 style-local-4194-c5 position-relative h-element\">\n                  <!---->\n                  <div class=\"h-heading__outer style-3462 style-local-4194-c5\">\n                    <!---->\n                    <!---->\n                    <h1 class=\"\">Du m\u00f6chtest K\u00f6nig von Gemen werden?<\/h1>\n                  <\/div>\n                <\/div>\n                <div data-colibri-id=\"4194-c6\" class=\"h-text h-text-component style-3466 style-local-4194-c6 position-relative h-element\">\n                  <!---->\n                  <!---->\n                  <div class=\"\">\n                    <p>Hier findest du alle Informationen f\u00fcr eine Regentschaft<\/p>\n                  <\/div>\n                <\/div>\n              <\/div>\n            <\/div>\n          <\/div>\n        <\/div>\n      <\/div>\n      <div data-colibri-id=\"4194-c7\" class=\"h-row-container gutters-row-lg-2 gutters-row-md-2 gutters-row-0 gutters-row-v-lg-2 gutters-row-v-md-2 gutters-row-v-2 style-947 style-local-4194-c7 position-relative\">\n        <!---->\n        <div class=\"h-row justify-content-lg-center justify-content-md-center justify-content-center align-items-lg-stretch align-items-md-stretch align-items-stretch gutters-col-lg-2 gutters-col-md-2 gutters-col-0 gutters-col-v-lg-2 gutters-col-v-md-2 gutters-col-v-2\">\n          <!---->\n          <div class=\"h-column h-column-container d-flex h-col-lg-6 h-col-md-6 h-col-12 style-948-outer style-local-4194-c8-outer\">\n            <div data-colibri-id=\"4194-c8\" class=\"d-flex h-flex-basis h-column__inner h-px-lg-2 h-px-md-2 h-px-2 v-inner-lg-2 v-inner-md-2 v-inner-2 style-948 style-local-4194-c8 position-relative\">\n              <!---->\n              <!---->\n              <div class=\"w-100 h-y-container h-column__content h-column__v-align flex-basis-100 align-self-lg-start align-self-md-start align-self-start\">\n                <!---->\n                <div data-colibri-id=\"4194-c9\" class=\"h-text h-text-component style-949 style-local-4194-c9 position-relative h-element\">\n                  <!---->\n                  <!---->\n                  <div class=\"\">\n                    <p>In diesem umfangreichen Dokument ist alles zu Vorbereitung und Ablauf einer Regentschaft, den entstehen Kosten sowie der komplette Festablauf festgehalten.&nbsp;Jetzt nachlesen, auf was sich das K\u00f6nigspaar und Throngefolge alles freuen\n                      darf!&nbsp;<\/p>\n                  <\/div>\n                <\/div>\n                <div data-colibri-id=\"4194-c10\" class=\"h-x-container style-2196 style-local-4194-c10 position-relative h-element\">\n                  <!---->\n                  <div class=\"h-x-container-inner style-dynamic-4194-c10-group style-2196-spacing style-local-4194-c10-spacing\"><span class=\"h-button__outer style-2197-outer style-local-4194-c11-outer d-inline-flex h-element\"><a h-use-smooth-scroll=\"true\" href=\"https:\/\/buergerschuetzenverein-gemen.de\/webseite_wp_2021\/wordpress\/wp-content\/uploads\/2025\/07\/Throninformationen-Stand-07_25.pdf\" target=\"_blank\" rel=\"nofollow\"  data-colibri-id=\"4194-c11\" data-aos=\"zoomIn\" class=\"d-flex w-100 align-items-center h-button justify-content-lg-center justify-content-md-center justify-content-center style-2197 style-local-4194-c11 position-relative\"><!----><!----> <span>Throninformationen (pdf)<\/span><\/a>\n                    <\/span>\n                  <\/div>\n                <\/div>\n                <div data-colibri-id=\"4194-c12\" class=\"style-3459 style-local-4194-c12 position-relative h-element\">\n                  <!---->\n                <\/div>\n                <div data-colibri-id=\"4194-c13\" class=\"h-text h-text-component style-952 style-local-4194-c13 position-relative h-element\">\n                  <!---->\n                  <!---->\n                  <div class=\"\">\n                    <p>Au\u00dferdem gibt es DAS Dokument, um alle wichtigen Personen f\u00fcr den gro\u00dfen K\u00f6nigsschuss festzuhalten. Wenn es nach dem K\u00f6nigsschuss an der Vogelstange hektisch wird, ist dieses Dokument Gold wert! Jetzt ausdrucken, ausf\u00fcllen und beim\n                      Schie\u00dfen mitf\u00fchren! <\/p>\n                  <\/div>\n                <\/div>\n                <div data-colibri-id=\"4194-c14\" class=\"h-x-container style-2194 style-local-4194-c14 position-relative h-element\">\n                  <!---->\n                  <div class=\"h-x-container-inner style-dynamic-4194-c14-group style-2194-spacing style-local-4194-c14-spacing\"><span class=\"h-button__outer style-2197-outer style-local-4194-c15-outer d-inline-flex h-element\"><a h-use-smooth-scroll=\"true\" href=\"https:\/\/buergerschuetzenverein-gemen.de\/webseite_wp_2021\/wordpress\/wp-content\/uploads\/2021\/04\/Thronplanung-1.pdf\" target=\"_blank\" rel=\"nofollow\"  data-colibri-id=\"4194-c15\" data-aos=\"zoomIn\" class=\"d-flex w-100 align-items-center h-button justify-content-lg-center justify-content-md-center justify-content-center style-2197 style-local-4194-c15 position-relative\"><!----><!----> <span>Thronplanung (pdf)<\/span><\/a>\n                    <\/span>\n                  <\/div>\n                <\/div>\n                <div data-colibri-id=\"4194-c16\" class=\"style-3468 style-local-4194-c16 position-relative h-element\">\n                  <!---->\n                <\/div>\n                <div data-colibri-id=\"4194-c17\" class=\"h-text h-text-component style-3467 style-local-4194-c17 position-relative h-element\">\n                  <!---->\n                  <!---->\n                  <div class=\"\">\n                    <p><strong style=\"color: rgb(0, 107, 84); font-weight: 400;\">Gerne stehen Vorstand und Offiziere f\u00fcr <\/strong>\n                      <a href=\"https:\/\/buergerschuetzenverein-gemen.de\/webseite_wp_2021\/wordpress\/kontaktformular\" rel=\"nofollow\" target=\"_blank\"\n                        style=\"color: rgb(0, 107, 84); font-weight: 400;\"><strong>Nachfragen<\/strong><\/a><strong style=\"color: rgb(0, 107, 84); font-weight: 400;\"> bereit!<\/strong><\/p>\n                  <\/div>\n                <\/div>\n              <\/div>\n            <\/div>\n          <\/div>\n          <div class=\"h-column h-column-container d-flex h-col-lg-6 h-col-md-6 h-col-12 style-955-outer style-local-4194-c18-outer\">\n            <div data-colibri-id=\"4194-c18\" class=\"d-flex h-flex-basis h-column__inner h-px-lg-2 h-px-md-2 h-px-2 v-inner-lg-0 v-inner-md-0 v-inner-2 style-955 style-local-4194-c18 position-relative\">\n              <!---->\n              <!---->\n              <div class=\"w-100 h-y-container h-column__content h-column__v-align flex-basis-100 align-self-lg-center align-self-md-center align-self-center\">\n                <!---->\n                <div data-colibri-id=\"4194-c19\" data-aos=\"bounceInRight\" class=\"d-block style-956 style-local-4194-c19 position-relative h-element\">\n                  <!---->\n                  <div class=\"h-image__frame-container-outer\">\n                    <div class=\"h-image__frame-container\">\n                      <!---->\n                      <!---->\n                      <img loading=\"lazy\" decoding=\"async\" width=\"1255\" height=\"1153\" src=\"https:\/\/buergerschuetzenverein-gemen.de\/webseite_wp_2021\/wordpress\/wp-content\/uploads\/Sch\u00fctzenfest2016\/cropped-Montag2016-10.jpg\" class=\"wp-image-7558 style-956-image style-local-4194-c19-image\" alt=\"\" srcset=\"https:\/\/buergerschuetzenverein-gemen.de\/webseite_wp_2021\/wordpress\/wp-content\/uploads\/Sch\u00fctzenfest2016\/cropped-Montag2016-10.jpg 1255w, https:\/\/buergerschuetzenverein-gemen.de\/webseite_wp_2021\/wordpress\/wp-content\/uploads\/Sch\u00fctzenfest2016\/cropped-Montag2016-10-300x276.jpg 300w, https:\/\/buergerschuetzenverein-gemen.de\/webseite_wp_2021\/wordpress\/wp-content\/uploads\/Sch\u00fctzenfest2016\/cropped-Montag2016-10-1024x941.jpg 1024w, https:\/\/buergerschuetzenverein-gemen.de\/webseite_wp_2021\/wordpress\/wp-content\/uploads\/Sch\u00fctzenfest2016\/cropped-Montag2016-10-768x706.jpg 768w\" sizes=\"auto, (max-width: 1255px) 100vw, 1255px\" \/>\n                      <div class=\"h-image__frame h-hide-lg h-hide-md h-hide-sm style-956-frameImage style-local-4194-c19-frameImage\"><\/div>\n                    <\/div>\n                  <\/div>\n                <\/div>\n              <\/div>\n            <\/div>\n          <\/div>\n        <\/div>\n      <\/div>\n    <\/div>\n  <\/div>\n<\/div>","protected":false},"excerpt":{"rendered":"<p>Du m\u00f6chtest K\u00f6nig von Gemen werden? Hier findest du alle Informationen f\u00fcr eine Regentschaft In diesem umfangreichen Dokument ist alles zu Vorbereitung und Ablauf einer Regentschaft, den entstehen Kosten sowie der komplette Festablauf festgehalten.&nbsp;Jetzt nachlesen, auf was sich das K\u00f6nigspaar und Throngefolge alles freuen darf!&nbsp; Throninformationen (pdf) Au\u00dferdem gibt es DAS Dokument, um alle wichtigen [&hellip;]<\/p>\n","protected":false},"author":2,"featured_media":0,"parent":0,"menu_order":0,"comment_status":"closed","ping_status":"closed","template":"page-templates\/full-width-page.php","meta":{"two_page_speed":[],"footnotes":""},"class_list":["post-4194","page","type-page","status-publish","hentry"],"jetpack_sharing_enabled":true,"_links":{"self":[{"href":"https:\/\/buergerschuetzenverein-gemen.de\/webseite_wp_2021\/wordpress\/wp-json\/wp\/v2\/pages\/4194","targetHints":{"allow":["GET"]}}],"collection":[{"href":"https:\/\/buergerschuetzenverein-gemen.de\/webseite_wp_2021\/wordpress\/wp-json\/wp\/v2\/pages"}],"about":[{"href":"https:\/\/buergerschuetzenverein-gemen.de\/webseite_wp_2021\/wordpress\/wp-json\/wp\/v2\/types\/page"}],"author":[{"embeddable":true,"href":"https:\/\/buergerschuetzenverein-gemen.de\/webseite_wp_2021\/wordpress\/wp-json\/wp\/v2\/users\/2"}],"replies":[{"embeddable":true,"href":"https:\/\/buergerschuetzenverein-gemen.de\/webseite_wp_2021\/wordpress\/wp-json\/wp\/v2\/comments?post=4194"}],"version-history":[{"count":21,"href":"https:\/\/buergerschuetzenverein-gemen.de\/webseite_wp_2021\/wordpress\/wp-json\/wp\/v2\/pages\/4194\/revisions"}],"predecessor-version":[{"id":20674,"href":"https:\/\/buergerschuetzenverein-gemen.de\/webseite_wp_2021\/wordpress\/wp-json\/wp\/v2\/pages\/4194\/revisions\/20674"}],"wp:attachment":[{"href":"https:\/\/buergerschuetzenverein-gemen.de\/webseite_wp_2021\/wordpress\/wp-json\/wp\/v2\/media?parent=4194"}],"curies":[{"name":"wp","href":"https:\/\/api.w.org\/{rel}","templated":true}]}}