{"id":20787,"date":"2025-11-15T17:44:13","date_gmt":"2025-11-15T16:44:13","guid":{"rendered":"https:\/\/buergerschuetzenverein-gemen.de\/webseite_wp_2021\/wordpress\/?page_id=20787"},"modified":"2025-11-15T17:59:47","modified_gmt":"2025-11-15T16:59:47","slug":"schuetzenfest2025","status":"publish","type":"page","link":"https:\/\/buergerschuetzenverein-gemen.de\/webseite_wp_2021\/wordpress\/schuetzenfest2025\/","title":{"rendered":"Sch\u00fctzenfest 2025"},"content":{"rendered":"<div data-colibri-id=\"20787-c1\" class=\"style-5116 style-local-20787-c1 position-relative\">\n  <!---->\n  <div data-colibri-component=\"section\" data-colibri-id=\"20787-c7\" id=\"about\" class=\"h-section h-section-global-spacing d-flex align-items-lg-center align-items-md-center align-items-center style-5122 style-local-20787-c7 position-relative\">\n    <!---->\n    <!---->\n    <div class=\"h-section-grid-container h-section-boxed-container\">\n      <!---->\n      <div data-colibri-id=\"20787-c16\" class=\"h-row-container gutters-row-lg-2 gutters-row-md-2 gutters-row-0 gutters-row-v-lg-2 gutters-row-v-md-2 gutters-row-v-2 style-5131 style-local-20787-c16 position-relative\">\n        <!---->\n        <div class=\"h-row justify-content-lg-center justify-content-md-center justify-content-center align-items-lg-stretch align-items-md-stretch align-items-stretch gutters-col-lg-2 gutters-col-md-2 gutters-col-0 gutters-col-v-lg-2 gutters-col-v-md-2 gutters-col-v-2\">\n          <!---->\n          <div class=\"h-column h-column-container d-flex h-col-lg-auto h-col-md-auto h-col-auto style-5132-outer style-local-20787-c17-outer\">\n            <div data-colibri-id=\"20787-c17\" class=\"d-flex h-flex-basis h-column__inner h-px-lg-2 h-px-md-2 h-px-2 v-inner-lg-2 v-inner-md-2 v-inner-2 style-5132 style-local-20787-c17 position-relative\">\n              <!---->\n              <!---->\n              <div class=\"w-100 h-y-container h-column__content h-column__v-align flex-basis-100 align-self-lg-start align-self-md-start align-self-start\">\n                <!---->\n                <div data-colibri-id=\"20787-c18\" class=\"h-global-transition-all h-heading style-5133 style-local-20787-c18 position-relative h-element\">\n                  <!---->\n                  <div class=\"h-heading__outer style-5133 style-local-20787-c18\">\n                    <!---->\n                    <!---->\n                    <h1 class=\"\">Jubil\u00e4umssch\u00fctzenfest 2025<\/h1>\n                  <\/div>\n                <\/div>\n              <\/div>\n            <\/div>\n          <\/div>\n        <\/div>\n      <\/div>\n      <div data-colibri-id=\"20787-c8\" class=\"h-row-container gutters-row-lg-0 gutters-row-md-0 gutters-row-0 gutters-row-v-lg-0 gutters-row-v-md-0 gutters-row-v-0 style-5123 style-local-20787-c8 position-relative\">\n        <!---->\n        <div class=\"h-row justify-content-lg-center justify-content-md-center justify-content-center align-items-lg-stretch align-items-md-stretch align-items-stretch gutters-col-lg-0 gutters-col-md-0 gutters-col-0 gutters-col-v-lg-0 gutters-col-v-md-0 gutters-col-v-0\">\n          <!---->\n          <div class=\"h-column h-column-container d-flex h-col-lg-auto h-col-md-auto h-col-auto style-5124-outer style-local-20787-c9-outer\">\n            <div data-colibri-id=\"20787-c9\" class=\"d-flex h-flex-basis h-column__inner h-ui-empty-state-container h-px-lg-0 h-px-md-0 h-px-0 v-inner-lg-0 v-inner-md-0 v-inner-0 style-5124 style-local-20787-c9 position-relative\">\n              <!---->\n              <!---->\n              <div class=\"w-100 h-y-container h-column__content h-column__v-align flex-basis-100\">\n                <!---->\n              <\/div>\n            <\/div>\n          <\/div>\n          <div class=\"h-column h-column-container d-flex h-col-lg-auto h-col-md-auto h-col-auto style-5125-outer style-local-20787-c10-outer\">\n            <div data-colibri-id=\"20787-c10\" class=\"d-flex h-flex-basis h-column__inner h-ui-empty-state-container h-px-lg-2 h-px-md-2 h-px-0 v-inner-lg-2 v-inner-md-2 v-inner-0 style-5125 style-local-20787-c10 position-relative\">\n              <!---->\n              <!---->\n              <div class=\"w-100 h-y-container h-column__content h-column__v-align flex-basis-100\">\n                <!---->\n              <\/div>\n            <\/div>\n          <\/div>\n          <div class=\"h-column h-column-container d-flex h-col-lg-auto h-col-md-auto h-col-auto style-5126-outer style-local-20787-c11-outer\">\n            <div data-colibri-id=\"20787-c11\" class=\"d-flex h-flex-basis h-column__inner h-px-lg-3 h-px-md-3 h-px-3 v-inner-lg-3 v-inner-md-3 v-inner-3 style-5126 style-local-20787-c11 position-relative\">\n              <!---->\n              <!---->\n              <div class=\"w-100 h-y-container h-column__content h-column__v-align flex-basis-100 align-self-lg-center align-self-md-center align-self-center\">\n                <!---->\n                <div data-colibri-id=\"20787-c12\" class=\"h-global-transition-all h-heading style-5127 style-local-20787-c12 position-relative h-element\">\n                  <!---->\n                  <div class=\"h-heading__outer style-5127 style-local-20787-c12\">\n                    <!---->\n                    <!---->\n                    <h3 class=\"\">Alle Bilder des Jubil\u00e4umssch\u00fctzenfestes\n                      <br>findet ihr unter dem Link<\/h3>\n                  <\/div>\n                <\/div>\n                <div data-colibri-id=\"20787-c13\" class=\"h-text h-text-component style-5128 style-local-20787-c13 position-relative h-element\">\n                  <!---->\n                  <!---->\n                  <div class=\"\">\n                    <p>Die Bilder k\u00f6nnen gerne downgeloadet werden.<\/p>\n                    <p>Da es sich um hochaufl\u00f6sende, gro\u00dfformatige Bilder handelt, achtet bitte auf eine gute Internetverbindung.<\/p>\n                  <\/div>\n                <\/div>\n                <div data-colibri-id=\"20787-c14\" class=\"h-x-container style-5129 style-local-20787-c14 position-relative h-element\">\n                  <!---->\n                  <div class=\"h-x-container-inner style-dynamic-20787-c14-group style-5129-spacing style-local-20787-c14-spacing\"><span class=\"h-button__outer style-5130-outer style-local-20787-c15-outer d-inline-flex h-element\"><a h-use-smooth-scroll=\"true\" href=\"https:\/\/www.picdrop.com\/jubilaeumbsv1470\/fpWNtEFeDk\"  data-colibri-id=\"20787-c15\" class=\"d-flex w-100 align-items-center h-button justify-content-lg-center justify-content-md-center justify-content-center style-5130 style-local-20787-c15 position-relative\"><!----><!----> <span>Link zu den Bildern<\/span><\/a>\n                    <\/span>\n                  <\/div>\n                <\/div>\n              <\/div>\n            <\/div>\n          <\/div>\n        <\/div>\n      <\/div>\n    <\/div>\n  <\/div>\n<\/div>","protected":false},"excerpt":{"rendered":"<p>Jubil\u00e4umssch\u00fctzenfest 2025 Alle Bilder des Jubil\u00e4umssch\u00fctzenfestes findet ihr unter dem Link Die Bilder k\u00f6nnen gerne downgeloadet werden. Da es sich um hochaufl\u00f6sende, gro\u00dfformatige Bilder handelt, achtet bitte auf eine gute Internetverbindung. Link zu den Bildern<\/p>\n","protected":false},"author":2,"featured_media":0,"parent":0,"menu_order":0,"comment_status":"closed","ping_status":"closed","template":"page-templates\/full-width-page.php","meta":{"two_page_speed":[],"footnotes":""},"class_list":["post-20787","page","type-page","status-publish","hentry"],"jetpack_sharing_enabled":true,"_links":{"self":[{"href":"https:\/\/buergerschuetzenverein-gemen.de\/webseite_wp_2021\/wordpress\/wp-json\/wp\/v2\/pages\/20787","targetHints":{"allow":["GET"]}}],"collection":[{"href":"https:\/\/buergerschuetzenverein-gemen.de\/webseite_wp_2021\/wordpress\/wp-json\/wp\/v2\/pages"}],"about":[{"href":"https:\/\/buergerschuetzenverein-gemen.de\/webseite_wp_2021\/wordpress\/wp-json\/wp\/v2\/types\/page"}],"author":[{"embeddable":true,"href":"https:\/\/buergerschuetzenverein-gemen.de\/webseite_wp_2021\/wordpress\/wp-json\/wp\/v2\/users\/2"}],"replies":[{"embeddable":true,"href":"https:\/\/buergerschuetzenverein-gemen.de\/webseite_wp_2021\/wordpress\/wp-json\/wp\/v2\/comments?post=20787"}],"version-history":[{"count":9,"href":"https:\/\/buergerschuetzenverein-gemen.de\/webseite_wp_2021\/wordpress\/wp-json\/wp\/v2\/pages\/20787\/revisions"}],"predecessor-version":[{"id":20837,"href":"https:\/\/buergerschuetzenverein-gemen.de\/webseite_wp_2021\/wordpress\/wp-json\/wp\/v2\/pages\/20787\/revisions\/20837"}],"wp:attachment":[{"href":"https:\/\/buergerschuetzenverein-gemen.de\/webseite_wp_2021\/wordpress\/wp-json\/wp\/v2\/media?parent=20787"}],"curies":[{"name":"wp","href":"https:\/\/api.w.org\/{rel}","templated":true}]}}