{"id":13206,"date":"2021-05-07T16:29:52","date_gmt":"2021-05-07T14:29:52","guid":{"rendered":"https:\/\/buergerschuetzenverein-gemen.de\/webseite_wp_2021\/wordpress\/?page_id=13206"},"modified":"2025-05-13T16:30:25","modified_gmt":"2025-05-13T14:30:25","slug":"schuetzenkids_programm","status":"publish","type":"page","link":"https:\/\/buergerschuetzenverein-gemen.de\/webseite_wp_2021\/wordpress\/schuetzenkids_programm\/","title":{"rendered":"Schuetzenkids_Programm"},"content":{"rendered":"<div data-colibri-id=\"13206-c1\" class=\"style-3821 style-local-13206-c1 position-relative\">\n  <!---->\n  <div data-colibri-component=\"section\" data-colibri-id=\"13206-c2\" id=\"about\" class=\"h-section h-section-global-spacing d-flex align-items-lg-center align-items-md-center align-items-center style-3831 style-local-13206-c2 position-relative\">\n    <div class=\"background-wrapper\">\n      <div class=\"background-layer background-layer-media-container-lg\">\n        <!---->\n        <div class=\"overlay-layer\">\n          <div class=\"overlay-image-layer\" style=\"background-color: rgb(0, 0, 0); opacity: 0.5;\"><\/div>\n        <\/div>\n      <\/div>\n      <div class=\"background-layer background-layer-media-container-md\">\n        <!---->\n        <div class=\"overlay-layer\">\n          <div class=\"overlay-image-layer\" style=\"background-color: rgb(0, 0, 0); opacity: 0.5;\"><\/div>\n        <\/div>\n      <\/div>\n      <div class=\"background-layer background-layer-media-container\">\n        <!---->\n        <div class=\"overlay-layer\">\n          <div class=\"overlay-image-layer\" style=\"background-color: rgb(0, 0, 0); opacity: 0.5;\"><\/div>\n        <\/div>\n      <\/div>\n    <\/div>\n    <!---->\n    <div class=\"h-section-grid-container h-section-boxed-container\">\n      <!---->\n      <div data-colibri-id=\"13206-c3\" class=\"h-row-container gutters-row-lg-2 gutters-row-md-2 gutters-row-2 gutters-row-v-lg-2 gutters-row-v-md-2 gutters-row-v-2 style-3832 style-local-13206-c3 position-relative\">\n        <!---->\n        <div class=\"h-row justify-content-lg-start justify-content-md-start justify-content-start align-items-lg-stretch align-items-md-stretch align-items-stretch gutters-col-lg-2 gutters-col-md-2 gutters-col-2 gutters-col-v-lg-2 gutters-col-v-md-2 gutters-col-v-2\">\n          <!---->\n          <div class=\"h-column h-column-container d-flex h-col-lg-auto h-col-md-auto h-col-auto style-3833-outer style-local-13206-c4-outer\">\n            <div data-colibri-id=\"13206-c4\" class=\"d-flex h-flex-basis h-column__inner h-px-lg-0 h-px-md-0 h-px-0 v-inner-lg-0 v-inner-md-0 v-inner-0 style-3833 style-local-13206-c4 position-relative\">\n              <!---->\n              <!---->\n              <div class=\"w-100 h-y-container h-column__content h-column__v-align flex-basis-100 align-self-lg-center align-self-md-center align-self-center\">\n                <!---->\n                <div data-colibri-id=\"13206-c5\" class=\"h-global-transition-all h-heading style-3834 style-local-13206-c5 position-relative h-element\">\n                  <!---->\n                  <div class=\"h-heading__outer style-3834 style-local-13206-c5\">\n                    <!---->\n                    <!---->\n                    <h6 class=\"\"><span style=\"font-family: Aclonica; font-size: 122%;\">Hier erfahrt Ihr als erstes, was wir f\u00fcr euch geplant haben.&nbsp;<\/span><\/h6>\n                  <\/div>\n                <\/div>\n                <div data-colibri-id=\"13206-c6\" class=\"h-global-transition-all h-heading style-3835 style-local-13206-c6 position-relative h-element\">\n                  <!---->\n                  <div class=\"h-heading__outer style-3835 style-local-13206-c6\">\n                    <!---->\n                    <!---->\n                    <h2 class=\"\"><span style=\"font-size: 139%; font-family: Aclonica;\">SCH\u00dcTZEN-K<\/span><span style=\"font-size: 139%; font-family: Aclonica; color: rgb(68, 180, 60);\">I<\/span><span style=\"font-size: 139%; font-family: Aclonica; color: rgb(15, 242, 34);\">D<\/span>\n                      <span\n                        style=\"font-size: 139%; font-family: Aclonica; color: rgb(22, 96, 19);\">S<\/span><span style=\"font-size: 139%; font-family: Aclonica;\"> PROGRAMM<\/span><\/h2>\n                  <\/div>\n                <\/div>\n                <div data-colibri-id=\"13206-c7\" class=\"h-row-container gutters-row-lg-2 gutters-row-md-2 gutters-row-0 gutters-row-v-lg-2 gutters-row-v-md-2 gutters-row-v-2 style-4935 style-local-13206-c7 position-relative\">\n                  <!---->\n                  <div class=\"h-row justify-content-lg-center justify-content-md-center justify-content-center align-items-lg-stretch align-items-md-stretch align-items-stretch gutters-col-lg-2 gutters-col-md-2 gutters-col-0 gutters-col-v-lg-2 gutters-col-v-md-2 gutters-col-v-2\">\n                    <!---->\n                    <div class=\"h-column h-column-container d-flex h-col-lg-auto h-col-md-auto h-col-auto style-4936-outer style-local-13206-c8-outer\">\n                      <div data-colibri-id=\"13206-c8\" class=\"d-flex h-flex-basis h-column__inner h-px-lg-2 h-px-md-2 h-px-2 v-inner-lg-2 v-inner-md-2 v-inner-2 style-4936 style-local-13206-c8 position-relative\">\n                        <!---->\n                        <!---->\n                        <div class=\"w-100 h-y-container h-column__content h-column__v-align flex-basis-100 align-self-lg-start align-self-md-start align-self-start\">\n                          <!---->\n                          <div data-colibri-id=\"13206-c9\" class=\"d-block style-4938 style-local-13206-c9 position-relative h-element\">\n                            <!---->\n                            <div class=\"h-image__frame-container-outer\">\n                              <div class=\"h-image__frame-container\">\n                                <!---->\n                                <!---->\n                                <img loading=\"lazy\" decoding=\"async\" width=\"1751\" height=\"2463\" src=\"https:\/\/buergerschuetzenverein-gemen.de\/webseite_wp_2021\/wordpress\/wp-content\/uploads\/2025\/05\/cropped-Plakat_A3.jpg\" class=\"wp-image-20514 style-4938-image style-local-13206-c9-image\" alt=\"\" srcset=\"https:\/\/buergerschuetzenverein-gemen.de\/webseite_wp_2021\/wordpress\/wp-content\/uploads\/2025\/05\/cropped-Plakat_A3.jpg 1751w, https:\/\/buergerschuetzenverein-gemen.de\/webseite_wp_2021\/wordpress\/wp-content\/uploads\/2025\/05\/cropped-Plakat_A3-213x300.jpg 213w, https:\/\/buergerschuetzenverein-gemen.de\/webseite_wp_2021\/wordpress\/wp-content\/uploads\/2025\/05\/cropped-Plakat_A3-728x1024.jpg 728w, https:\/\/buergerschuetzenverein-gemen.de\/webseite_wp_2021\/wordpress\/wp-content\/uploads\/2025\/05\/cropped-Plakat_A3-768x1080.jpg 768w, https:\/\/buergerschuetzenverein-gemen.de\/webseite_wp_2021\/wordpress\/wp-content\/uploads\/2025\/05\/cropped-Plakat_A3-1092x1536.jpg 1092w, https:\/\/buergerschuetzenverein-gemen.de\/webseite_wp_2021\/wordpress\/wp-content\/uploads\/2025\/05\/cropped-Plakat_A3-1456x2048.jpg 1456w, https:\/\/buergerschuetzenverein-gemen.de\/webseite_wp_2021\/wordpress\/wp-content\/uploads\/2025\/05\/cropped-Plakat_A3-427x600.jpg 427w\" sizes=\"auto, (max-width: 1751px) 100vw, 1751px\" \/>\n                                <div class=\"h-image__frame h-hide-lg h-hide-md h-hide-sm style-4938-frameImage style-local-13206-c9-frameImage\"><\/div>\n                              <\/div>\n                            <\/div>\n                          <\/div>\n                        <\/div>\n                      <\/div>\n                    <\/div>\n                    <div class=\"h-column h-column-container d-flex h-col-lg-auto h-col-md-auto h-col-auto style-5104-outer style-local-13206-c10-outer\">\n                      <div data-colibri-id=\"13206-c10\" class=\"d-flex h-flex-basis h-column__inner h-px-lg-2 h-px-md-2 h-px-2 v-inner-lg-2 v-inner-md-2 v-inner-2 style-5104 style-local-13206-c10 position-relative\">\n                        <!---->\n                        <!---->\n                        <div class=\"w-100 h-y-container h-column__content h-column__v-align flex-basis-100 align-self-lg-start align-self-md-start align-self-start\">\n                          <!---->\n                          <div data-colibri-id=\"13206-c11\" class=\"h-text h-text-component style-5105 style-local-13206-c11 position-relative h-element\">\n                            <!---->\n                            <!---->\n                            <div class=\"\">\n                              <p><span style=\"font-family: &quot;Alfa Slab One&quot;; font-size: 200%;\">2025<\/span>\n                                <br><span style=\"font-weight: 400; color: rgb(0, 107, 84); font-family: &quot;Alfa Slab One&quot;; font-size: 129%;\">Am 27. Juli findet zum 555 j\u00e4hrigen Jubil\u00e4um unser Familientag statt.<\/span><span style=\"font-size: 129%;\"><br><\/span><\/p>\n                              <p><span style=\"color: rgb(0, 107, 84); font-size: 129%;\">Was erwartet euch:<\/span><\/p>\n                              <p><span style=\"color: rgb(0, 107, 84); font-size: 120%;\">&#8211; Der Captain der Karibik<\/span><\/p>\n                              <p><span style=\"color: rgb(0, 107, 84); font-size: 120%;\"><span class=\"ql-cursor\">\ufeff<\/span>&#8211; Die Gruppe JustDance (SV Westfalia Gemen)<\/span>\n                              <\/p>\n                              <p><span style=\"color: rgb(0, 107, 84); font-size: 120%;\">-Der Heimatverein Gemen<\/span><\/p>\n                              <p><span style=\"color: rgb(0, 107, 84); font-size: 120%;\">-Der Shanty Chor<\/span><\/p>\n                              <p><span style=\"color: rgb(0, 107, 84); font-size: 120%;\">-Feuerwehr Gemen<\/span><\/p>\n                              <p><span style=\"color: rgb(0, 107, 84); font-size: 120%;\">-SV Westfalia Gemen<\/span><\/p>\n                              <p><span style=\"color: rgb(0, 107, 84); font-size: 120%;\">-H\u00fcpfburgen, Kinderschminken, Fotokiste, Eis, Kaffee und Kuchen, Essen und Getr\u00e4nke. <\/span><\/p>\n                              <p><span style=\"color: rgb(0, 107, 84); font-size: 120%;\">Wir freuen uns auf euch und ihr euch bestimmt schon auf den Familientag!!!<\/span><\/p>\n                              <p><span style=\"color: rgb(0, 107, 84); font-size: 120%;\">&nbsp;<\/span><\/p>\n                              <p>\n                                <br>\n                              <\/p>\n                              <p>\n                                <br>\n                              <\/p>\n                            <\/div>\n                          <\/div>\n                        <\/div>\n                      <\/div>\n                    <\/div>\n                  <\/div>\n                <\/div>\n              <\/div>\n            <\/div>\n          <\/div>\n        <\/div>\n      <\/div>\n    <\/div>\n  <\/div>\n<\/div>","protected":false},"excerpt":{"rendered":"<p>Hier erfahrt Ihr als erstes, was wir f\u00fcr euch geplant haben.&nbsp; SCH\u00dcTZEN-KID S PROGRAMM 2025 Am 27. Juli findet zum 555 j\u00e4hrigen Jubil\u00e4um unser Familientag statt. Was erwartet euch: &#8211; Der Captain der Karibik \ufeff&#8211; Die Gruppe JustDance (SV Westfalia Gemen) -Der Heimatverein Gemen -Der Shanty Chor -Feuerwehr Gemen -SV Westfalia Gemen -H\u00fcpfburgen, Kinderschminken, Fotokiste, [&hellip;]<\/p>\n","protected":false},"author":3,"featured_media":0,"parent":0,"menu_order":0,"comment_status":"closed","ping_status":"closed","template":"page-templates\/full-width-page.php","meta":{"two_page_speed":[],"footnotes":""},"class_list":["post-13206","page","type-page","status-publish","hentry"],"jetpack_sharing_enabled":true,"_links":{"self":[{"href":"https:\/\/buergerschuetzenverein-gemen.de\/webseite_wp_2021\/wordpress\/wp-json\/wp\/v2\/pages\/13206","targetHints":{"allow":["GET"]}}],"collection":[{"href":"https:\/\/buergerschuetzenverein-gemen.de\/webseite_wp_2021\/wordpress\/wp-json\/wp\/v2\/pages"}],"about":[{"href":"https:\/\/buergerschuetzenverein-gemen.de\/webseite_wp_2021\/wordpress\/wp-json\/wp\/v2\/types\/page"}],"author":[{"embeddable":true,"href":"https:\/\/buergerschuetzenverein-gemen.de\/webseite_wp_2021\/wordpress\/wp-json\/wp\/v2\/users\/3"}],"replies":[{"embeddable":true,"href":"https:\/\/buergerschuetzenverein-gemen.de\/webseite_wp_2021\/wordpress\/wp-json\/wp\/v2\/comments?post=13206"}],"version-history":[{"count":20,"href":"https:\/\/buergerschuetzenverein-gemen.de\/webseite_wp_2021\/wordpress\/wp-json\/wp\/v2\/pages\/13206\/revisions"}],"predecessor-version":[{"id":20581,"href":"https:\/\/buergerschuetzenverein-gemen.de\/webseite_wp_2021\/wordpress\/wp-json\/wp\/v2\/pages\/13206\/revisions\/20581"}],"wp:attachment":[{"href":"https:\/\/buergerschuetzenverein-gemen.de\/webseite_wp_2021\/wordpress\/wp-json\/wp\/v2\/media?parent=13206"}],"curies":[{"name":"wp","href":"https:\/\/api.w.org\/{rel}","templated":true}]}}